{"id":17,"date":"2024-12-05T14:19:39","date_gmt":"2024-12-05T14:19:39","guid":{"rendered":"https:\/\/riofungi.cl\/?page_id=17"},"modified":"2024-12-10T13:22:51","modified_gmt":"2024-12-10T13:22:51","slug":"quienes-somos","status":"publish","type":"page","link":"https:\/\/riofungi.cl\/?page_id=17","title":{"rendered":"QUIENES SOMOS"},"content":{"rendered":"\t\t<div data-elementor-type=\"wp-page\" data-elementor-id=\"17\" class=\"elementor elementor-17\" data-elementor-post-type=\"page\">\n\t\t\t\t<div class=\"elementor-element elementor-element-4459444c e-flex e-con-boxed e-con e-parent\" data-id=\"4459444c\" data-element_type=\"container\" data-settings=\"{&quot;background_background&quot;:&quot;classic&quot;}\">\n\t\t\t\t\t<div class=\"e-con-inner\">\n\t\t\t\t<div class=\"elementor-element elementor-element-31a20d8 elementor-widget elementor-widget-heading\" data-id=\"31a20d8\" data-element_type=\"widget\" data-widget_type=\"heading.default\">\n\t\t\t\t<div class=\"elementor-widget-container\">\n\t\t\t<h1 class=\"elementor-heading-title elementor-size-default\">Nuestra<BR>\nHistoria Natural<\/h1>\t\t<\/div>\n\t\t\t\t<\/div>\n\t\t\t\t<div class=\"elementor-element elementor-element-c77fdbb elementor-widget elementor-widget-text-editor\" data-id=\"c77fdbb\" data-element_type=\"widget\" data-widget_type=\"text-editor.default\">\n\t\t\t\t<div class=\"elementor-widget-container\">\n\t\t\t\t\t\t\t<p>Con\u00f3cenos<\/p>\t\t\t\t\t\t<\/div>\n\t\t\t\t<\/div>\n\t\t\t\t\t<\/div>\n\t\t\t\t<\/div>\n\t\t<div class=\"elementor-element elementor-element-c16a336 e-flex e-con-boxed e-con e-parent\" data-id=\"c16a336\" data-element_type=\"container\">\n\t\t\t\t\t<div class=\"e-con-inner\">\n\t\t\t\t<div class=\"elementor-element elementor-element-8ba3801 elementor-widget elementor-widget-spacer\" data-id=\"8ba3801\" data-element_type=\"widget\" data-widget_type=\"spacer.default\">\n\t\t\t\t<div class=\"elementor-widget-container\">\n\t\t\t\t\t<div class=\"elementor-spacer\">\n\t\t\t<div class=\"elementor-spacer-inner\"><\/div>\n\t\t<\/div>\n\t\t\t\t<\/div>\n\t\t\t\t<\/div>\n\t\t\t\t\t<\/div>\n\t\t\t\t<\/div>\n\t\t<div class=\"elementor-element elementor-element-847ab94 e-flex e-con-boxed e-con e-parent\" data-id=\"847ab94\" data-element_type=\"container\">\n\t\t\t\t\t<div class=\"e-con-inner\">\n\t\t<div class=\"elementor-element elementor-element-e6f54f7 e-con-full e-flex e-con e-child\" data-id=\"e6f54f7\" data-element_type=\"container\">\n\t\t\t\t<div class=\"elementor-element elementor-element-98b5eaa elementor-widget elementor-widget-heading\" data-id=\"98b5eaa\" data-element_type=\"widget\" data-widget_type=\"heading.default\">\n\t\t\t\t<div class=\"elementor-widget-container\">\n\t\t\t<h3 class=\"elementor-heading-title elementor-size-default\">Emprendimiento<\/h3>\t\t<\/div>\n\t\t\t\t<\/div>\n\t\t\t\t<\/div>\n\t\t<div class=\"elementor-element elementor-element-09e40f7 e-con-full e-flex e-con e-child\" data-id=\"09e40f7\" data-element_type=\"container\">\n\t\t\t\t<div class=\"elementor-element elementor-element-622d6f4 elementor-widget elementor-widget-text-editor\" data-id=\"622d6f4\" data-element_type=\"widget\" data-widget_type=\"text-editor.default\">\n\t\t\t\t<div class=\"elementor-widget-container\">\n\t\t\t\t\t\t\t<p>R\u00edo Fungi es un emprendimiento del sur de Chile dedicado a la producci\u00f3n y comercializaci\u00f3n de hongos ostra de alta calidad. Nos especializamos en ofrecer productos frescos y saludables, cultivados con t\u00e9cnicas sostenibles que respetan el medio ambiente. Nuestra oferta incluye hongos frescos y envasados, ideales para consumidores conscientes y servicios de alimentaci\u00f3n que valoran alimentos de origen no animal.<\/p>\t\t\t\t\t\t<\/div>\n\t\t\t\t<\/div>\n\t\t\t\t<\/div>\n\t\t\t\t\t<\/div>\n\t\t\t\t<\/div>\n\t\t<div class=\"elementor-element elementor-element-1006a01 e-flex e-con-boxed e-con e-parent\" data-id=\"1006a01\" data-element_type=\"container\">\n\t\t\t\t\t<div class=\"e-con-inner\">\n\t\t\t\t<div class=\"elementor-element elementor-element-1d0852c elementor-widget elementor-widget-spacer\" data-id=\"1d0852c\" data-element_type=\"widget\" data-widget_type=\"spacer.default\">\n\t\t\t\t<div class=\"elementor-widget-container\">\n\t\t\t\t\t<div class=\"elementor-spacer\">\n\t\t\t<div class=\"elementor-spacer-inner\"><\/div>\n\t\t<\/div>\n\t\t\t\t<\/div>\n\t\t\t\t<\/div>\n\t\t\t\t\t<\/div>\n\t\t\t\t<\/div>\n\t\t<div class=\"elementor-element elementor-element-0ba2fd4 e-flex e-con-boxed e-con e-parent\" data-id=\"0ba2fd4\" data-element_type=\"container\">\n\t\t\t\t\t<div class=\"e-con-inner\">\n\t\t<div class=\"elementor-element elementor-element-f045408 e-con-full e-flex e-con e-child\" data-id=\"f045408\" data-element_type=\"container\">\n\t\t\t\t<div class=\"elementor-element elementor-element-797440f elementor-widget elementor-widget-heading\" data-id=\"797440f\" data-element_type=\"widget\" data-widget_type=\"heading.default\">\n\t\t\t\t<div class=\"elementor-widget-container\">\n\t\t\t<h3 class=\"elementor-heading-title elementor-size-default\">\u00bfQui\u00e9nes\nSomos?<\/h3>\t\t<\/div>\n\t\t\t\t<\/div>\n\t\t\t\t<\/div>\n\t\t<div class=\"elementor-element elementor-element-53c0ae1 e-con-full e-flex e-con e-child\" data-id=\"53c0ae1\" data-element_type=\"container\">\n\t\t\t\t<div class=\"elementor-element elementor-element-4443b85 elementor-widget elementor-widget-text-editor\" data-id=\"4443b85\" data-element_type=\"widget\" data-widget_type=\"text-editor.default\">\n\t\t\t\t<div class=\"elementor-widget-container\">\n\t\t\t\t\t\t\t<p>Somos Yusef Morales Navarrete y Sara P\u00e9rez Venegas, equipo de ingenieros agr\u00f3nomos\u00a0 comprometidos con la innovaci\u00f3n y la sostenibilidad. Como fundadores y principales operadores de R\u00edo Fungi, combinamos nuestra experiencia t\u00e9cnica y pasi\u00f3n por la agroindustria para desarrollar un negocio que genera valor tanto para nuestros clientes como para el entorno. Conscientes y servicios de alimentaci\u00f3n que valoran alimentos de origen no animal.<\/p>\t\t\t\t\t\t<\/div>\n\t\t\t\t<\/div>\n\t\t\t\t<\/div>\n\t\t\t\t\t<\/div>\n\t\t\t\t<\/div>\n\t\t<div class=\"elementor-element elementor-element-fb0ad8b e-flex e-con-boxed e-con e-parent\" data-id=\"fb0ad8b\" data-element_type=\"container\">\n\t\t\t\t\t<div class=\"e-con-inner\">\n\t\t\t\t<div class=\"elementor-element elementor-element-1c96d7b elementor-widget elementor-widget-spacer\" data-id=\"1c96d7b\" data-element_type=\"widget\" data-widget_type=\"spacer.default\">\n\t\t\t\t<div class=\"elementor-widget-container\">\n\t\t\t\t\t<div class=\"elementor-spacer\">\n\t\t\t<div class=\"elementor-spacer-inner\"><\/div>\n\t\t<\/div>\n\t\t\t\t<\/div>\n\t\t\t\t<\/div>\n\t\t\t\t\t<\/div>\n\t\t\t\t<\/div>\n\t\t<div class=\"elementor-element elementor-element-3dcfee1 e-flex e-con-boxed e-con e-parent\" data-id=\"3dcfee1\" data-element_type=\"container\">\n\t\t\t\t\t<div class=\"e-con-inner\">\n\t\t<div class=\"elementor-element elementor-element-20b9a25 e-con-full e-flex e-con e-child\" data-id=\"20b9a25\" data-element_type=\"container\">\n\t\t\t\t<div class=\"elementor-element elementor-element-dc69d96 elementor-widget elementor-widget-heading\" data-id=\"dc69d96\" data-element_type=\"widget\" data-widget_type=\"heading.default\">\n\t\t\t\t<div class=\"elementor-widget-container\">\n\t\t\t<h3 class=\"elementor-heading-title elementor-size-default\">MISI\u00d3N<\/h3>\t\t<\/div>\n\t\t\t\t<\/div>\n\t\t\t\t<\/div>\n\t\t<div class=\"elementor-element elementor-element-6538644 e-con-full e-flex e-con e-child\" data-id=\"6538644\" data-element_type=\"container\">\n\t\t\t\t<div class=\"elementor-element elementor-element-9e3e6a6 elementor-widget elementor-widget-text-editor\" data-id=\"9e3e6a6\" data-element_type=\"widget\" data-widget_type=\"text-editor.default\">\n\t\t\t\t<div class=\"elementor-widget-container\">\n\t\t\t\t\t\t\t<p>Proveer alimentos saludables y sostenibles, promoviendo una alimentaci\u00f3n consciente y amigable\u00a0 con el medio ambiente, mientras fortalecemos el desarrollo de la agroindustria local con innovaci\u00f3n y calidad, genera valor tanto para nuestros clientes como para el entorno. Conscientes y servicios de alimentaci\u00f3n que valoran alimentos de origen no animal.<\/p>\t\t\t\t\t\t<\/div>\n\t\t\t\t<\/div>\n\t\t\t\t<\/div>\n\t\t\t\t\t<\/div>\n\t\t\t\t<\/div>\n\t\t<div class=\"elementor-element elementor-element-1768805 e-flex e-con-boxed e-con e-parent\" data-id=\"1768805\" data-element_type=\"container\">\n\t\t\t\t\t<div class=\"e-con-inner\">\n\t\t\t\t<div class=\"elementor-element elementor-element-c73b9f0 elementor-widget elementor-widget-spacer\" data-id=\"c73b9f0\" data-element_type=\"widget\" data-widget_type=\"spacer.default\">\n\t\t\t\t<div class=\"elementor-widget-container\">\n\t\t\t\t\t<div class=\"elementor-spacer\">\n\t\t\t<div class=\"elementor-spacer-inner\"><\/div>\n\t\t<\/div>\n\t\t\t\t<\/div>\n\t\t\t\t<\/div>\n\t\t\t\t\t<\/div>\n\t\t\t\t<\/div>\n\t\t<div class=\"elementor-element elementor-element-7d1ce26 e-flex e-con-boxed e-con e-parent\" data-id=\"7d1ce26\" data-element_type=\"container\">\n\t\t\t\t\t<div class=\"e-con-inner\">\n\t\t\t\t<div class=\"elementor-element elementor-element-15a7855 elementor-widget elementor-widget-image\" data-id=\"15a7855\" data-element_type=\"widget\" data-widget_type=\"image.default\">\n\t\t\t\t<div class=\"elementor-widget-container\">\n\t\t\t\t\t\t\t\t\t\t\t\t\t<img decoding=\"async\" width=\"150\" height=\"150\" src=\"https:\/\/riofungi.cl\/wp-content\/uploads\/2024\/12\/Rio-fungi-logo-quienes-somos-150x150.png\" class=\"attachment-thumbnail size-thumbnail wp-image-513\" alt=\"\" \/>\t\t\t\t\t\t\t\t\t\t\t\t\t<\/div>\n\t\t\t\t<\/div>\n\t\t\t\t\t<\/div>\n\t\t\t\t<\/div>\n\t\t<div class=\"elementor-element elementor-element-596fbb3 e-flex e-con-boxed e-con e-parent\" data-id=\"596fbb3\" data-element_type=\"container\">\n\t\t\t\t\t<div class=\"e-con-inner\">\n\t\t\t\t<div class=\"elementor-element elementor-element-3975bbf elementor-widget elementor-widget-spacer\" data-id=\"3975bbf\" data-element_type=\"widget\" data-widget_type=\"spacer.default\">\n\t\t\t\t<div class=\"elementor-widget-container\">\n\t\t\t\t\t<div class=\"elementor-spacer\">\n\t\t\t<div class=\"elementor-spacer-inner\"><\/div>\n\t\t<\/div>\n\t\t\t\t<\/div>\n\t\t\t\t<\/div>\n\t\t\t\t\t<\/div>\n\t\t\t\t<\/div>\n\t\t\t\t<\/div>\n\t\t","protected":false},"excerpt":{"rendered":"<p>Nuestra Historia Natural Con\u00f3cenos Emprendimiento R\u00edo Fungi es un emprendimiento del sur de Chile dedicado a la producci\u00f3n y comercializaci\u00f3n de hongos ostra de alta calidad. Nos especializamos en ofrecer productos frescos y saludables, cultivados con t\u00e9cnicas sostenibles que respetan el medio ambiente. Nuestra oferta incluye hongos frescos y envasados, ideales para consumidores conscientes y [&hellip;]<\/p>\n","protected":false},"author":2,"featured_media":0,"parent":0,"menu_order":0,"comment_status":"closed","ping_status":"closed","template":"elementor_theme","meta":{"footnotes":""},"class_list":["post-17","page","type-page","status-publish","hentry"],"_links":{"self":[{"href":"https:\/\/riofungi.cl\/index.php?rest_route=\/wp\/v2\/pages\/17","targetHints":{"allow":["GET"]}}],"collection":[{"href":"https:\/\/riofungi.cl\/index.php?rest_route=\/wp\/v2\/pages"}],"about":[{"href":"https:\/\/riofungi.cl\/index.php?rest_route=\/wp\/v2\/types\/page"}],"author":[{"embeddable":true,"href":"https:\/\/riofungi.cl\/index.php?rest_route=\/wp\/v2\/users\/2"}],"replies":[{"embeddable":true,"href":"https:\/\/riofungi.cl\/index.php?rest_route=%2Fwp%2Fv2%2Fcomments&post=17"}],"version-history":[{"count":49,"href":"https:\/\/riofungi.cl\/index.php?rest_route=\/wp\/v2\/pages\/17\/revisions"}],"predecessor-version":[{"id":622,"href":"https:\/\/riofungi.cl\/index.php?rest_route=\/wp\/v2\/pages\/17\/revisions\/622"}],"wp:attachment":[{"href":"https:\/\/riofungi.cl\/index.php?rest_route=%2Fwp%2Fv2%2Fmedia&parent=17"}],"curies":[{"name":"wp","href":"https:\/\/api.w.org\/{rel}","templated":true}]}}